{"id":125,"date":"2025-01-29T17:46:45","date_gmt":"2025-01-29T16:46:45","guid":{"rendered":"https:\/\/acpcchampigneulles.fr\/?page_id=125"},"modified":"2025-03-16T09:28:04","modified_gmt":"2025-03-16T08:28:04","slug":"actualites","status":"publish","type":"page","link":"https:\/\/acpcchampigneulles.fr\/index.php\/actualites\/","title":{"rendered":"ACPC est en cours d&rsquo;alimentation du site"},"content":{"rendered":"\n<h2 class=\"wp-block-heading\">Un journal p\u00e9riodique d&rsquo;information aux citoyens<\/h2>\n\n\n\n<div class=\"wp-block-file\"><a id=\"wp-block-file--media-eb983123-1ae6-4d46-bd08-9eacab9dd194\" href=\"https:\/\/acpcchampigneulles.fr\/wp-content\/uploads\/2025\/01\/petit-journal-N\u00b03-fichier-pour-impression.pdf\">petit journal N\u00b03 fichier pour impression<\/a><a href=\"https:\/\/acpcchampigneulles.fr\/wp-content\/uploads\/2025\/01\/petit-journal-N\u00b03-fichier-pour-impression.pdf\" class=\"wp-block-file__button wp-element-button\" download aria-describedby=\"wp-block-file--media-eb983123-1ae6-4d46-bd08-9eacab9dd194\">T\u00e9l\u00e9charger<\/a><\/div>\n\n\n\n<h2 class=\"wp-block-heading\">Des Zones de gratuit\u00e9<\/h2>\n\n\n\n<h2 class=\"wp-block-heading\">Les d\u00e9bats en cours <\/h2>\n\n\n\n<ul class=\"wp-block-list\">\n<li>Lutte pour les droits des femmes<\/li>\n\n\n\n<li>Mettre de c\u00f4t\u00e9 les \u00e9lus d&rsquo;opposition dans le choix des projets de la ville est il d\u00e9mocratique ? <\/li>\n\n\n\n<li>B\u00e9tonner la zone des vergers est il vraiment n\u00e9cessaire ? <\/li>\n\n\n\n<li>&#8230; <\/li>\n<\/ul>\n","protected":false},"excerpt":{"rendered":"<p>Un journal p\u00e9riodique d&rsquo;information aux citoyens Des Zones de gratuit\u00e9 Les d\u00e9bats en cours<\/p>\n","protected":false},"author":1,"featured_media":0,"parent":0,"menu_order":0,"comment_status":"closed","ping_status":"closed","template":"","meta":{"footnotes":""},"class_list":["post-125","page","type-page","status-publish","hentry"],"_links":{"self":[{"href":"https:\/\/acpcchampigneulles.fr\/index.php\/wp-json\/wp\/v2\/pages\/125","targetHints":{"allow":["GET"]}}],"collection":[{"href":"https:\/\/acpcchampigneulles.fr\/index.php\/wp-json\/wp\/v2\/pages"}],"about":[{"href":"https:\/\/acpcchampigneulles.fr\/index.php\/wp-json\/wp\/v2\/types\/page"}],"author":[{"embeddable":true,"href":"https:\/\/acpcchampigneulles.fr\/index.php\/wp-json\/wp\/v2\/users\/1"}],"replies":[{"embeddable":true,"href":"https:\/\/acpcchampigneulles.fr\/index.php\/wp-json\/wp\/v2\/comments?post=125"}],"version-history":[{"count":6,"href":"https:\/\/acpcchampigneulles.fr\/index.php\/wp-json\/wp\/v2\/pages\/125\/revisions"}],"predecessor-version":[{"id":203,"href":"https:\/\/acpcchampigneulles.fr\/index.php\/wp-json\/wp\/v2\/pages\/125\/revisions\/203"}],"wp:attachment":[{"href":"https:\/\/acpcchampigneulles.fr\/index.php\/wp-json\/wp\/v2\/media?parent=125"}],"curies":[{"name":"wp","href":"https:\/\/api.w.org\/{rel}","templated":true}]}}